{"id":54,"date":"2019-07-13T11:38:56","date_gmt":"2019-07-13T11:38:56","guid":{"rendered":"http:\/\/denecke-consulting.de\/?page_id=54"},"modified":"2024-12-07T14:38:48","modified_gmt":"2024-12-07T14:38:48","slug":"erfolge","status":"publish","type":"page","link":"http:\/\/denecke-consulting.de\/?page_id=54","title":{"rendered":"Referenzen"},"content":{"rendered":"\n<div class=\"wp-block-image\"><figure class=\"aligncenter size-medium\"><a href=\"https:\/\/douglas.group\/de\/\"><img loading=\"lazy\" width=\"300\" height=\"100\" src=\"http:\/\/denecke-consulting.de\/wp-content\/uploads\/2024\/11\/DOUGLAS_HOLDING-1-300x100.png\" alt=\"\" class=\"wp-image-266\" srcset=\"http:\/\/denecke-consulting.de\/wp-content\/uploads\/2024\/11\/DOUGLAS_HOLDING-1-300x100.png 300w, http:\/\/denecke-consulting.de\/wp-content\/uploads\/2024\/11\/DOUGLAS_HOLDING-1-1024x342.png 1024w, http:\/\/denecke-consulting.de\/wp-content\/uploads\/2024\/11\/DOUGLAS_HOLDING-1-768x256.png 768w, http:\/\/denecke-consulting.de\/wp-content\/uploads\/2024\/11\/DOUGLAS_HOLDING-1-1536x512.png 1536w, http:\/\/denecke-consulting.de\/wp-content\/uploads\/2024\/11\/DOUGLAS_HOLDING-1.png 1772w\" sizes=\"(max-width: 300px) 100vw, 300px\" \/><\/a><\/figure><\/div>\n\n\n\n<p>Konzept: Verkaufswettbewerbs-\/Kommunikations- und Motivationsma\u00dfnahmen Zielgruppe: Mitarbeiter der Einzelhandelssparten Parf\u00fcmerie Douglas, Christ, Thalia, Hussel, AppelrathC\u00fcpper.<\/p>\n\n\n\n<p><\/p>\n\n\n\n<div class=\"wp-block-image\"><figure class=\"aligncenter size-medium\"><a href=\"https:\/\/www.tchibo.de\/\"><img loading=\"lazy\" width=\"300\" height=\"100\" src=\"http:\/\/denecke-consulting.de\/wp-content\/uploads\/2024\/11\/TCHIBO-300x100.png\" alt=\"\" class=\"wp-image-269\" srcset=\"http:\/\/denecke-consulting.de\/wp-content\/uploads\/2024\/11\/TCHIBO-300x100.png 300w, http:\/\/denecke-consulting.de\/wp-content\/uploads\/2024\/11\/TCHIBO-1024x342.png 1024w, http:\/\/denecke-consulting.de\/wp-content\/uploads\/2024\/11\/TCHIBO-768x256.png 768w, http:\/\/denecke-consulting.de\/wp-content\/uploads\/2024\/11\/TCHIBO-1536x512.png 1536w, http:\/\/denecke-consulting.de\/wp-content\/uploads\/2024\/11\/TCHIBO.png 1772w\" sizes=\"(max-width: 300px) 100vw, 300px\" \/><\/a><\/figure><\/div>\n\n\n\n<p>Konzipierung der neuen Filialkonzeption, Entwicklung und Etablierung eines nationalen Verkaufswettbewerbs, Verkaufstraining f\u00fcr Filialmitarbeiter.<\/p>\n\n\n\n<p><\/p>\n\n\n\n<div class=\"wp-block-image\"><figure class=\"aligncenter size-medium\"><img loading=\"lazy\" width=\"300\" height=\"100\" src=\"http:\/\/denecke-consulting.de\/wp-content\/uploads\/2024\/11\/SIGNUM-300x100.png\" alt=\"\" class=\"wp-image-273\" srcset=\"http:\/\/denecke-consulting.de\/wp-content\/uploads\/2024\/11\/SIGNUM-300x100.png 300w, http:\/\/denecke-consulting.de\/wp-content\/uploads\/2024\/11\/SIGNUM-1024x342.png 1024w, http:\/\/denecke-consulting.de\/wp-content\/uploads\/2024\/11\/SIGNUM-768x256.png 768w, http:\/\/denecke-consulting.de\/wp-content\/uploads\/2024\/11\/SIGNUM-1536x512.png 1536w, http:\/\/denecke-consulting.de\/wp-content\/uploads\/2024\/11\/SIGNUM.png 1772w\" sizes=\"(max-width: 300px) 100vw, 300px\" \/><\/figure><\/div>\n\n\n\n<p>Vertriebsanalyse, Entwickeln der neuen SIGNUM Philosophie, neue strategische Ausrichtung, \u00dcberarbeitung des Store- und H\u00e4ndlerkonzeptes, interne Kommunikationsma\u00dfnahmen, Mitarbeiter-Workshops, Entwickeln von Stellenbeschreibungen und Zielvereinbarungen, Trainingsma\u00dfnahmen zur Verbesseerung der Kundenorientierung.<\/p>\n\n\n\n<p><\/p>\n\n\n\n<div class=\"wp-block-image\"><figure class=\"aligncenter size-full\"><img loading=\"lazy\" width=\"425\" height=\"142\" src=\"http:\/\/denecke-consulting.de\/wp-content\/uploads\/2024\/12\/WILHELM_BRANDENBURG_REWE.png\" alt=\"\" class=\"wp-image-373\" srcset=\"http:\/\/denecke-consulting.de\/wp-content\/uploads\/2024\/12\/WILHELM_BRANDENBURG_REWE.png 425w, http:\/\/denecke-consulting.de\/wp-content\/uploads\/2024\/12\/WILHELM_BRANDENBURG_REWE-300x100.png 300w\" sizes=\"(max-width: 425px) 100vw, 425px\" \/><\/figure><\/div>\n\n\n\n<p>Interne Kommunikationsma\u00dfnahmen, Etablierung einer Mitarbeiter-Zeitung, F\u00fchrungskr\u00e4fte-Workshops.<\/p>\n\n\n\n<p><\/p>\n\n\n\n<div class=\"wp-block-image\"><figure class=\"aligncenter size-medium\"><a href=\"https:\/\/rothmann-immobilien.de\/\"><img loading=\"lazy\" width=\"300\" height=\"100\" src=\"http:\/\/denecke-consulting.de\/wp-content\/uploads\/2024\/11\/ROTHMANN_IMMOBILIEN-300x100.png\" alt=\"\" class=\"wp-image-279\" srcset=\"http:\/\/denecke-consulting.de\/wp-content\/uploads\/2024\/11\/ROTHMANN_IMMOBILIEN-300x100.png 300w, http:\/\/denecke-consulting.de\/wp-content\/uploads\/2024\/11\/ROTHMANN_IMMOBILIEN-1024x342.png 1024w, http:\/\/denecke-consulting.de\/wp-content\/uploads\/2024\/11\/ROTHMANN_IMMOBILIEN-768x256.png 768w, http:\/\/denecke-consulting.de\/wp-content\/uploads\/2024\/11\/ROTHMANN_IMMOBILIEN-1536x512.png 1536w, http:\/\/denecke-consulting.de\/wp-content\/uploads\/2024\/11\/ROTHMANN_IMMOBILIEN.png 1772w\" sizes=\"(max-width: 300px) 100vw, 300px\" \/><\/a><\/figure><\/div>\n\n\n\n<p>Marketing- und Vertriebskonzept, Presse- und \u00d6ffentlichkeitsarbeit, Reorganisation Personal, Stellenbeschreibungen, Konzeption eines Imagefilms.<\/p>\n\n\n\n<p><\/p>\n\n\n\n<div class=\"wp-block-image\"><figure class=\"aligncenter size-medium\"><a href=\"https:\/\/www.engelvoelkers.com\/de\/de\"><img loading=\"lazy\" width=\"300\" height=\"100\" src=\"http:\/\/denecke-consulting.de\/wp-content\/uploads\/2024\/11\/ENGEL_VOELKERS-300x100.png\" alt=\"\" class=\"wp-image-281\" srcset=\"http:\/\/denecke-consulting.de\/wp-content\/uploads\/2024\/11\/ENGEL_VOELKERS-300x100.png 300w, http:\/\/denecke-consulting.de\/wp-content\/uploads\/2024\/11\/ENGEL_VOELKERS-1024x342.png 1024w, http:\/\/denecke-consulting.de\/wp-content\/uploads\/2024\/11\/ENGEL_VOELKERS-768x256.png 768w, http:\/\/denecke-consulting.de\/wp-content\/uploads\/2024\/11\/ENGEL_VOELKERS-1536x512.png 1536w, http:\/\/denecke-consulting.de\/wp-content\/uploads\/2024\/11\/ENGEL_VOELKERS.png 1772w\" sizes=\"(max-width: 300px) 100vw, 300px\" \/><\/a><\/figure><\/div>\n\n\n\n<p>Presse- und \u00d6ffentlichkeitsarbeit, Mitarbeitertraining und -motivation, Konzipierung der Neuer\u00f6ffnung eines Engel &amp; V\u00f6lkers Shops.<\/p>\n\n\n\n<p><\/p>\n\n\n\n<div class=\"wp-block-image\"><figure class=\"aligncenter size-medium\"><img loading=\"lazy\" width=\"300\" height=\"100\" src=\"http:\/\/denecke-consulting.de\/wp-content\/uploads\/2024\/11\/KOCHSCHULE_CAPITOL-300x100.png\" alt=\"\" class=\"wp-image-283\" srcset=\"http:\/\/denecke-consulting.de\/wp-content\/uploads\/2024\/11\/KOCHSCHULE_CAPITOL-300x100.png 300w, http:\/\/denecke-consulting.de\/wp-content\/uploads\/2024\/11\/KOCHSCHULE_CAPITOL-1024x342.png 1024w, http:\/\/denecke-consulting.de\/wp-content\/uploads\/2024\/11\/KOCHSCHULE_CAPITOL-768x256.png 768w, http:\/\/denecke-consulting.de\/wp-content\/uploads\/2024\/11\/KOCHSCHULE_CAPITOL-1536x512.png 1536w, http:\/\/denecke-consulting.de\/wp-content\/uploads\/2024\/11\/KOCHSCHULE_CAPITOL.png 1772w\" sizes=\"(max-width: 300px) 100vw, 300px\" \/><\/figure><\/div>\n\n\n\n<p>Entwicklung eines Marketing- und Vertriebskonzeptes als Pilotobjekt zur Multiplikation als Franchisesystems.<\/p>\n\n\n\n<p><\/p>\n\n\n\n<div class=\"wp-block-image\"><figure class=\"aligncenter size-medium\"><a href=\"https:\/\/sauerlandpark-hemer.de\/\"><img loading=\"lazy\" width=\"300\" height=\"100\" src=\"http:\/\/denecke-consulting.de\/wp-content\/uploads\/2024\/11\/LANDESGARTENSCHAU_HEMER-300x100.png\" alt=\"\" class=\"wp-image-285\" srcset=\"http:\/\/denecke-consulting.de\/wp-content\/uploads\/2024\/11\/LANDESGARTENSCHAU_HEMER-300x100.png 300w, http:\/\/denecke-consulting.de\/wp-content\/uploads\/2024\/11\/LANDESGARTENSCHAU_HEMER-1024x342.png 1024w, http:\/\/denecke-consulting.de\/wp-content\/uploads\/2024\/11\/LANDESGARTENSCHAU_HEMER-768x256.png 768w, http:\/\/denecke-consulting.de\/wp-content\/uploads\/2024\/11\/LANDESGARTENSCHAU_HEMER-1536x512.png 1536w, http:\/\/denecke-consulting.de\/wp-content\/uploads\/2024\/11\/LANDESGARTENSCHAU_HEMER.png 1772w\" sizes=\"(max-width: 300px) 100vw, 300px\" \/><\/a><\/figure><\/div>\n\n\n\n<p>Entwicklung, Planung, Organisation und Durchf\u00fchrung der Er\u00f6ffnungsveranstaltung zur Landesgartenschau.<\/p>\n\n\n\n<p><\/p>\n\n\n\n<div class=\"wp-block-image\"><figure class=\"aligncenter size-medium\"><a href=\"https:\/\/www.hagen.de\"><img loading=\"lazy\" width=\"300\" height=\"100\" src=\"http:\/\/denecke-consulting.de\/wp-content\/uploads\/2024\/11\/STADT_HAGEN-300x100.png\" alt=\"\" class=\"wp-image-287\" srcset=\"http:\/\/denecke-consulting.de\/wp-content\/uploads\/2024\/11\/STADT_HAGEN-300x100.png 300w, http:\/\/denecke-consulting.de\/wp-content\/uploads\/2024\/11\/STADT_HAGEN-1024x342.png 1024w, http:\/\/denecke-consulting.de\/wp-content\/uploads\/2024\/11\/STADT_HAGEN-768x256.png 768w, http:\/\/denecke-consulting.de\/wp-content\/uploads\/2024\/11\/STADT_HAGEN-1536x512.png 1536w, http:\/\/denecke-consulting.de\/wp-content\/uploads\/2024\/11\/STADT_HAGEN.png 1772w\" sizes=\"(max-width: 300px) 100vw, 300px\" \/><\/a><\/figure><\/div>\n\n\n\n<p>Konzipierung und Organisation eines Gro\u00dfevents zur Er\u00f6ffnung des neuen Kunstquartiers.<\/p>\n\n\n\n<p><\/p>\n\n\n\n<div class=\"wp-block-image\"><figure class=\"aligncenter size-medium\"><img loading=\"lazy\" width=\"300\" height=\"100\" src=\"http:\/\/denecke-consulting.de\/wp-content\/uploads\/2024\/11\/VISUAL_COMMUNICATION-300x100.png\" alt=\"\" class=\"wp-image-290\" srcset=\"http:\/\/denecke-consulting.de\/wp-content\/uploads\/2024\/11\/VISUAL_COMMUNICATION-300x100.png 300w, http:\/\/denecke-consulting.de\/wp-content\/uploads\/2024\/11\/VISUAL_COMMUNICATION-1024x342.png 1024w, http:\/\/denecke-consulting.de\/wp-content\/uploads\/2024\/11\/VISUAL_COMMUNICATION-768x256.png 768w, http:\/\/denecke-consulting.de\/wp-content\/uploads\/2024\/11\/VISUAL_COMMUNICATION-1536x512.png 1536w, http:\/\/denecke-consulting.de\/wp-content\/uploads\/2024\/11\/VISUAL_COMMUNICATION.png 1772w\" sizes=\"(max-width: 300px) 100vw, 300px\" \/><\/figure><\/div>\n\n\n\n<p>Erstellung eines Sponsoringkonzeptes zur Akquisition von Sponsoren f\u00fcr das \u201eHistorische Dinnertheater auf Schl\u00f6ssern &amp; Burgen\u201c, Konzipierung einer Sponsorenbrosch\u00fcre und Emotionalisierung der Inhalte.<\/p>\n\n\n\n<p><\/p>\n\n\n\n<div class=\"wp-block-image\"><figure class=\"aligncenter size-medium\"><a href=\"https:\/\/kremer-naturtalente.de\"><img loading=\"lazy\" width=\"300\" height=\"100\" src=\"http:\/\/denecke-consulting.de\/wp-content\/uploads\/2024\/11\/KREMER_DIE_NATURTALENTE-300x100.png\" alt=\"\" class=\"wp-image-291\" srcset=\"http:\/\/denecke-consulting.de\/wp-content\/uploads\/2024\/11\/KREMER_DIE_NATURTALENTE-300x100.png 300w, http:\/\/denecke-consulting.de\/wp-content\/uploads\/2024\/11\/KREMER_DIE_NATURTALENTE-1024x342.png 1024w, http:\/\/denecke-consulting.de\/wp-content\/uploads\/2024\/11\/KREMER_DIE_NATURTALENTE-768x256.png 768w, http:\/\/denecke-consulting.de\/wp-content\/uploads\/2024\/11\/KREMER_DIE_NATURTALENTE-1536x512.png 1536w, http:\/\/denecke-consulting.de\/wp-content\/uploads\/2024\/11\/KREMER_DIE_NATURTALENTE.png 1772w\" sizes=\"(max-width: 300px) 100vw, 300px\" \/><\/a><\/figure><\/div>\n\n\n\n<p>Konzipierung, Organisation und Durchf\u00fchrung eines Mitarbeiter-Events von der Idee bis zur Regie und Moderation, Entwicklung eines Imagefilms.<\/p>\n\n\n\n<p><\/p>\n\n\n\n<div class=\"wp-block-image\"><figure class=\"aligncenter size-medium\"><a href=\"https:\/\/balve-optimum.de\/\"><img loading=\"lazy\" width=\"300\" height=\"100\" src=\"http:\/\/denecke-consulting.de\/wp-content\/uploads\/2024\/11\/BALVE_OPTIMUM-300x100.png\" alt=\"\" class=\"wp-image-294\" srcset=\"http:\/\/denecke-consulting.de\/wp-content\/uploads\/2024\/11\/BALVE_OPTIMUM-300x100.png 300w, http:\/\/denecke-consulting.de\/wp-content\/uploads\/2024\/11\/BALVE_OPTIMUM-1024x342.png 1024w, http:\/\/denecke-consulting.de\/wp-content\/uploads\/2024\/11\/BALVE_OPTIMUM-768x256.png 768w, http:\/\/denecke-consulting.de\/wp-content\/uploads\/2024\/11\/BALVE_OPTIMUM-1536x512.png 1536w, http:\/\/denecke-consulting.de\/wp-content\/uploads\/2024\/11\/BALVE_OPTIMUM.png 1772w\" sizes=\"(max-width: 300px) 100vw, 300px\" \/><\/a><\/figure><\/div>\n\n\n\n<p>Entwicklung einer neuen Organisationsstruktur f\u00fcr die Durchf\u00fchrung der Deutschen Meisterschaften im Spring- und Dressurreiten, Organisationsleitung des VIP-Bereiches und F\u00fchrung des Betreuungsteams.<\/p>\n\n\n\n<p><\/p>\n\n\n\n<div class=\"wp-block-image\"><figure class=\"aligncenter size-medium\"><a href=\"https:\/\/www.audalis.de\"><img loading=\"lazy\" width=\"300\" height=\"100\" src=\"http:\/\/denecke-consulting.de\/wp-content\/uploads\/2024\/11\/AUDALIS-300x100.png\" alt=\"\" class=\"wp-image-295\" srcset=\"http:\/\/denecke-consulting.de\/wp-content\/uploads\/2024\/11\/AUDALIS-300x100.png 300w, http:\/\/denecke-consulting.de\/wp-content\/uploads\/2024\/11\/AUDALIS-1024x342.png 1024w, http:\/\/denecke-consulting.de\/wp-content\/uploads\/2024\/11\/AUDALIS-768x256.png 768w, http:\/\/denecke-consulting.de\/wp-content\/uploads\/2024\/11\/AUDALIS-1536x512.png 1536w, http:\/\/denecke-consulting.de\/wp-content\/uploads\/2024\/11\/AUDALIS.png 1772w\" sizes=\"(max-width: 300px) 100vw, 300px\" \/><\/a><\/figure><\/div>\n\n\n\n<p>Presse- und \u00d6ffentlichkeitsarbeit, Mediaplanungen, VIP-Veranstaltungen.<\/p>\n","protected":false},"excerpt":{"rendered":"<p>Konzept: Verkaufswettbewerbs-\/Kommunikations- und Motivationsma\u00dfnahmen Zielgruppe: Mitarbeiter der Einzelhandelssparten Parf\u00fcmerie Douglas, Christ, Thalia, Hussel, AppelrathC\u00fcpper. Konzipierung der neuen Filialkonzeption, Entwicklung und Etablierung eines nationalen Verkaufswettbewerbs, Verkaufstraining f\u00fcr Filialmitarbeiter. Vertriebsanalyse, Entwickeln der neuen SIGNUM Philosophie, neue strategische Ausrichtung, \u00dcberarbeitung des Store- und H\u00e4ndlerkonzeptes, interne Kommunikationsma\u00dfnahmen, Mitarbeiter-Workshops, Entwickeln von Stellenbeschreibungen und Zielvereinbarungen, Trainingsma\u00dfnahmen&#8230;<\/p>\n","protected":false},"author":1,"featured_media":0,"parent":0,"menu_order":0,"comment_status":"closed","ping_status":"closed","template":"","meta":[],"_links":{"self":[{"href":"http:\/\/denecke-consulting.de\/index.php?rest_route=\/wp\/v2\/pages\/54"}],"collection":[{"href":"http:\/\/denecke-consulting.de\/index.php?rest_route=\/wp\/v2\/pages"}],"about":[{"href":"http:\/\/denecke-consulting.de\/index.php?rest_route=\/wp\/v2\/types\/page"}],"author":[{"embeddable":true,"href":"http:\/\/denecke-consulting.de\/index.php?rest_route=\/wp\/v2\/users\/1"}],"replies":[{"embeddable":true,"href":"http:\/\/denecke-consulting.de\/index.php?rest_route=%2Fwp%2Fv2%2Fcomments&post=54"}],"version-history":[{"count":22,"href":"http:\/\/denecke-consulting.de\/index.php?rest_route=\/wp\/v2\/pages\/54\/revisions"}],"predecessor-version":[{"id":374,"href":"http:\/\/denecke-consulting.de\/index.php?rest_route=\/wp\/v2\/pages\/54\/revisions\/374"}],"wp:attachment":[{"href":"http:\/\/denecke-consulting.de\/index.php?rest_route=%2Fwp%2Fv2%2Fmedia&parent=54"}],"curies":[{"name":"wp","href":"https:\/\/api.w.org\/{rel}","templated":true}]}}