{"id":26,"date":"2019-07-13T11:06:41","date_gmt":"2019-07-13T11:06:41","guid":{"rendered":"http:\/\/denecke-consulting.de\/?page_id=26"},"modified":"2025-03-23T12:08:06","modified_gmt":"2025-03-23T12:08:06","slug":"impressum","status":"publish","type":"page","link":"http:\/\/denecke-consulting.de\/?page_id=26","title":{"rendered":"Impressum"},"content":{"rendered":"\n<h2><span style=\"color:#87888a\" class=\"has-inline-color\">Angaben gem\u00e4\u00df \u00a7 5 TMG:<\/span><\/h2>\n\n\n\n<p><strong>Denecke Consulting<\/strong> IN DER PRAXIS GEWINNEN.<br>Willi Denecke<br>Wallstra\u00dfe 51<br>23560 L\u00fcbeck<\/p>\n\n\n\n<h2><span style=\"color:#87888a\" class=\"has-inline-color\">Kontakt:<\/span><\/h2>\n\n\n\n<p> Mobil: 0171 7662999<br> E-Mail: info@Denecke-Consulting.de<\/p>\n\n\n\n<h2><span style=\"color:#87888a\" class=\"has-inline-color\">Steuernummer<\/span><\/h2>\n\n\n\n<p>332\/5030\/2878<\/p>\n\n\n\n<h2><span style=\"color:#87888a\" class=\"has-inline-color\">Streitschlichtung<\/span><\/h2>\n\n\n\n<p>Die Europ\u00e4ische Kommission stellt eine Plattform zur Online- Streitbeilegung (OS) bereit: <a href=\"https:\/\/ec.europa.eu\/consumers\/odr\" target=\"_blank\" rel=\"noreferrer noopener\">https:\/\/ec.europa.eu\/consumers\/odr<\/a><br>\nUnsere E-Mail-Adresse finden Sie oben im Impressum.<\/p>\n\n\n\n<p>Wir sind nicht bereit oder verpflichtet, an Streitbeilegungsverfahren vor einer<br>\nVerbraucherschlichtungsstelle teilzunehmen.<\/p>\n\n\n\n<h2><span style=\"color:#87888a\" class=\"has-inline-color\">Haftung f\u00fcr Inhalte<\/span><\/h2>\n\n\n\n<p>Als Diensteanbieter sind wir gem\u00e4\u00df \u00a7 7 Abs.1 TMG f\u00fcr eigene Inhalte auf diesen Seiten<br>\nnach den allgemeinen Gesetzen verantwortlich. Nach \u00a7\u00a7 8 bis 10 TMG sind wir als<br>\nDiensteanbieter jedoch nicht verpflichtet, \u00fcbermittelte oder \ngespeicherte fremde Informationen zu \u00fcberwachen oder nach Umst\u00e4nden zu \nforschen, die auf eine rechtswidrige T\u00e4tigkeit hinweisen.<\/p>\n\n\n\n<p>Verpflichtungen zur Entfernung oder Sperrung der Nutzung von Informationen nach<br>\nden allgemeinen Gesetzen bleiben hiervon unber\u00fchrt. Eine diesbez\u00fcgliche Haftung ist jedoch<br>\nerst ab dem Zeitpunkt der Kenntnis einer konkreten Rechtsverletzung m\u00f6glich. Bei Bekanntwerden<br>\nvon entsprechenden Rechtsverletzungen werden wir diese Inhalte umgehend entfernen.<\/p>\n\n\n\n<h2><span style=\"color:#87888a\" class=\"has-inline-color\">Haftung f\u00fcr Links<\/span><\/h2>\n\n\n\n<p>Unser Angebot enth\u00e4lt Links zu externen Websites Dritter, auf deren \nInhalte wir keinen Einfluss haben. Deshalb k\u00f6nnen wir f\u00fcr diese fremden \nInhalte auch keine Gew\u00e4hr \u00fcbernehmen. F\u00fcr die Inhalte der verlinkten \nSeiten ist stets der jeweilige Anbieter oder Betreiber der Seiten \nverantwortlich. Die verlinkten Seiten wurden zum Zeitpunkt der \nVerlinkung auf m\u00f6gliche Rechtsverst\u00f6\u00dfe \u00fcberpr\u00fcft. Rechtswidrige Inhalte \nwaren zum Zeitpunkt der Verlinkung nicht erkennbar.<\/p>\n\n\n\n<p>Eine permanente inhaltliche Kontrolle der verlinkten Seiten ist \njedoch ohne konkrete Anhaltspunkte einer Rechtsverletzung nicht \nzumutbar. Bei Bekanntwerden von Rechtsverletzungen werden wir derartige \nLinks umgehend entfernen.<\/p>\n\n\n\n<h2><span style=\"color:#87888a\" class=\"has-inline-color\">Urheberrecht<\/span><\/h2>\n\n\n\n<p>Die durch die Seitenbetreiber erstellten Inhalte und Werke auf diesen\n Seiten unterliegen dem deutschen Urheberrecht. Die Vervielf\u00e4ltigung, \nBearbeitung, Verbreitung und jede Art der Verwertung au\u00dferhalb der \nGrenzen des Urheberrechtes bed\u00fcrfen der schriftlichen Zustimmung des \njeweiligen Autors bzw. Erstellers. Downloads und Kopien dieser Seite \nsind nur f\u00fcr den privaten, nicht kommerziellen Gebrauch gestattet.<\/p>\n\n\n\n<p>Soweit die Inhalte auf dieser Seite nicht vom Betreiber erstellt \nwurden, werden die Urheberrechte Dritter beachtet. Insbesondere werden \nInhalte Dritter als solche gekennzeichnet. Sollten Sie trotzdem auf eine\n Urheberrechtsverletzung aufmerksam werden, bitten wir um einen \nentsprechenden Hinweis. Bei Bekanntwerden von Rechtsverletzungen werden \nwir derartige Inhalte umgehend entfernen.<\/p>\n\n\n\n<p><strong>Quelle: <a href=\"https:\/\/www.erecht24. de\/impressum-generator.html\">https:\/\/www.e-recht24.de\/impressum-generator.html<\/a><\/strong><\/p>\n","protected":false},"excerpt":{"rendered":"<p>Angaben gem\u00e4\u00df \u00a7 5 TMG: Denecke Consulting IN DER PRAXIS GEWINNEN.Willi DeneckeWallstra\u00dfe 5123560 L\u00fcbeck Kontakt: Mobil: 0171 7662999 E-Mail: info@Denecke-Consulting.de Steuernummer 332\/5030\/2878 Streitschlichtung Die Europ\u00e4ische Kommission stellt eine Plattform zur Online- Streitbeilegung (OS) bereit: https:\/\/ec.europa.eu\/consumers\/odr Unsere E-Mail-Adresse finden Sie oben im Impressum. Wir sind nicht bereit oder verpflichtet, an Streitbeilegungsverfahren&#8230;<\/p>\n","protected":false},"author":1,"featured_media":0,"parent":0,"menu_order":0,"comment_status":"closed","ping_status":"closed","template":"","meta":[],"_links":{"self":[{"href":"http:\/\/denecke-consulting.de\/index.php?rest_route=\/wp\/v2\/pages\/26"}],"collection":[{"href":"http:\/\/denecke-consulting.de\/index.php?rest_route=\/wp\/v2\/pages"}],"about":[{"href":"http:\/\/denecke-consulting.de\/index.php?rest_route=\/wp\/v2\/types\/page"}],"author":[{"embeddable":true,"href":"http:\/\/denecke-consulting.de\/index.php?rest_route=\/wp\/v2\/users\/1"}],"replies":[{"embeddable":true,"href":"http:\/\/denecke-consulting.de\/index.php?rest_route=%2Fwp%2Fv2%2Fcomments&post=26"}],"version-history":[{"count":5,"href":"http:\/\/denecke-consulting.de\/index.php?rest_route=\/wp\/v2\/pages\/26\/revisions"}],"predecessor-version":[{"id":377,"href":"http:\/\/denecke-consulting.de\/index.php?rest_route=\/wp\/v2\/pages\/26\/revisions\/377"}],"wp:attachment":[{"href":"http:\/\/denecke-consulting.de\/index.php?rest_route=%2Fwp%2Fv2%2Fmedia&parent=26"}],"curies":[{"name":"wp","href":"https:\/\/api.w.org\/{rel}","templated":true}]}}